{"id":8,"date":"2024-12-05T12:48:55","date_gmt":"2024-12-05T12:48:55","guid":{"rendered":"https:\/\/www.luistaximalaga.com\/?page_id=8"},"modified":"2025-06-20T10:47:47","modified_gmt":"2025-06-20T10:47:47","slug":"inicio","status":"publish","type":"page","link":"https:\/\/www.luistaximalaga.com\/en\/","title":{"rendered":"Home"},"content":{"rendered":"<div data-elementor-type=\"wp-page\" data-elementor-id=\"8\" class=\"elementor elementor-8\">\n\t\t\t\t<div class=\"elementor-element elementor-element-320d1bb e-con-full fondo e-flex e-con e-parent\" data-id=\"320d1bb\" data-element_type=\"container\" id=\"fondo\" data-settings=\"{&quot;background_background&quot;:&quot;classic&quot;}\">\n\t\t<div class=\"elementor-element elementor-element-d01f64e e-con-full e-flex e-con e-child\" data-id=\"d01f64e\" data-element_type=\"container\">\n\t\t\t\t<div class=\"elementor-element elementor-element-c3f1e7e elementor-widget elementor-widget-heading\" data-id=\"c3f1e7e\" data-element_type=\"widget\" data-widget_type=\"heading.default\">\n\t\t\t\t<div class=\"elementor-widget-container\">\n\t\t\t<h2 class=\"elementor-heading-title elementor-size-default\">Luis Tafur<\/h2>\t\t<\/div>\n\t\t\t\t<\/div>\n\t\t<div class=\"elementor-element elementor-element-a5a6b10 e-con-full elementor-hidden-mobile e-flex e-con e-child\" data-id=\"a5a6b10\" data-element_type=\"container\">\n\t\t\t\t<div class=\"elementor-element elementor-element-393aa9e elementor-widget elementor-widget-text-editor\" data-id=\"393aa9e\" data-element_type=\"widget\" data-widget_type=\"text-editor.default\">\n\t\t\t\t<div class=\"elementor-widget-container\">\n\t\t\t\t\t\t\t<p>Your trusted taxi driver in M\u00e1laga.<\/p>\t\t\t\t\t\t<\/div>\n\t\t\t\t<\/div>\n\t\t\t\t<div class=\"elementor-element elementor-element-e9d779d elementor-widget-divider--view-line elementor-widget elementor-widget-divider\" data-id=\"e9d779d\" data-element_type=\"widget\" data-widget_type=\"divider.default\">\n\t\t\t\t<div class=\"elementor-widget-container\">\n\t\t\t\t\t<div class=\"elementor-divider\">\n\t\t\t<span class=\"elementor-divider-separator\">\n\t\t\t\t\t\t<\/span>\n\t\t<\/div>\n\t\t\t\t<\/div>\n\t\t\t\t<\/div>\n\t\t<div class=\"elementor-element elementor-element-995c285 e-con-full e-flex e-con e-child\" data-id=\"995c285\" data-element_type=\"container\" data-settings=\"{&quot;background_background&quot;:&quot;classic&quot;}\">\n\t\t\t\t<div class=\"elementor-element elementor-element-8660002 elementor-widget elementor-widget-text-editor\" data-id=\"8660002\" data-element_type=\"widget\" data-widget_type=\"text-editor.default\">\n\t\t\t\t<div class=\"elementor-widget-container\">\n\t\t\t\t\t\t\t<p><strong>Your trusted taxi service in M\u00e1laga.<\/strong><br \/>Welcome to my website, where I offer a professional, punctual, and safe taxi service in the wonderful city of M\u00e1laga. With years of experience in the industry, I am committed to ensuring that your journey is comfortable and worry-free.<\/p><p><strong>What do I offer?<\/strong><\/p><ul><li><strong>Airport transfers<\/strong>: Whether you're arriving or departing, I ensure an efficient and punctual transfer to M\u00e1laga-Costa del Sol Airport.<\/li><li><strong>Tourist services<\/strong>: Discover M\u00e1laga and its surroundings in comfort. I offer personalised tours to the most iconic spots, such as the Alcazaba, the Roman Theatre, and the beautiful beaches of the Costa del Sol.<\/li><li><strong>Local and long-distance trips<\/strong>: I am always available to help you reach your destination, whether within M\u00e1laga or to nearby locations.<\/li><li><strong>Availability 24\/7<\/strong>: I understand that your transportation needs don't have set hours, which is why I am available 24 hours a day, 7 days a week.<\/li><\/ul><p><strong>Why choose my service?<\/strong><\/p><ul><li><strong>Friendly and personal service<\/strong>: My priority is to make every journey a pleasant experience.<\/li><li><strong>Comfortable and clean vehicle<\/strong>: You will travel in a modern, well-maintained car, equipped for your comfort.<\/li><li><strong>Competitive prices<\/strong>: I offer fair and transparent rates with no surprises.<\/li><\/ul>\t\t\t\t\t\t<\/div>\n\t\t\t\t<\/div>\n\t\t<div class=\"elementor-element elementor-element-d130d0d e-con-full e-flex e-con e-child\" data-id=\"d130d0d\" data-element_type=\"container\">\n\t\t\t\t<div class=\"elementor-element elementor-element-b2b5946 elementor-view-default elementor-position-top elementor-mobile-position-top elementor-widget elementor-widget-icon-box\" data-id=\"b2b5946\" data-element_type=\"widget\" data-widget_type=\"icon-box.default\">\n\t\t\t\t<div class=\"elementor-widget-container\">\n\t\t\t\t\t<div class=\"elementor-icon-box-wrapper\">\n\n\t\t\t\t\t\t<div class=\"elementor-icon-box-icon\">\n\t\t\t\t<span  class=\"elementor-icon elementor-animation-\">\n\t\t\t\t<svg aria-hidden=\"true\" class=\"e-font-icon-svg e-fas-taxi\" viewbox=\"0 0 512 512\" xmlns=\"http:\/\/www.w3.org\/2000\/svg\"><path d=\"M462 241.64l-22-84.84c-9.6-35.2-41.6-60.8-76.8-60.8H352V64c0-17.67-14.33-32-32-32H192c-17.67 0-32 14.33-32 32v32h-11.2c-35.2 0-67.2 25.6-76.8 60.8l-22 84.84C21.41 248.04 0 273.47 0 304v48c0 23.63 12.95 44.04 32 55.12V448c0 17.67 14.33 32 32 32h32c17.67 0 32-14.33 32-32v-32h256v32c0 17.67 14.33 32 32 32h32c17.67 0 32-14.33 32-32v-40.88c19.05-11.09 32-31.5 32-55.12v-48c0-30.53-21.41-55.96-50-62.36zM96 352c-17.67 0-32-14.33-32-32s14.33-32 32-32 32 14.33 32 32-14.33 32-32 32zm20.55-112l17.2-66.36c2.23-8.16 9.59-13.64 15.06-13.64h214.4c5.47 0 12.83 5.48 14.85 12.86L395.45 240h-278.9zM416 352c-17.67 0-32-14.33-32-32s14.33-32 32-32 32 14.33 32 32-14.33 32-32 32z\"><\/path><\/svg>\t\t\t\t<\/span>\n\t\t\t<\/div>\n\t\t\t\n\t\t\t\t\t\t<div class=\"elementor-icon-box-content\">\n\n\t\t\t\t\n\t\t\t\t\t\t\t\t\t<p class=\"elementor-icon-box-description\">\n\t\t\t\t\t\tNeed help? You can contact me by <a href=\"\/en\/contacto\/\">clicking here<\/a>\t\t\t\t\t<\/p>\n\t\t\t\t\n\t\t\t<\/div>\n\t\t\t\n\t\t<\/div>\n\t\t\t\t<\/div>\n\t\t\t\t<\/div>\n\t\t\t\t<\/div>\n\t\t\t\t<\/div>\n\t\t\t\t<\/div>\n\t\t\t\t<\/div>\n\t\t<div class=\"elementor-element elementor-element-86be78d e-con-full e-flex e-con e-child\" data-id=\"86be78d\" data-element_type=\"container\" data-settings=\"{&quot;background_background&quot;:&quot;classic&quot;}\">\n\t\t<div class=\"elementor-element elementor-element-44fb61a e-con-full e-flex e-con e-child\" data-id=\"44fb61a\" data-element_type=\"container\" data-settings=\"{&quot;background_background&quot;:&quot;classic&quot;}\">\n\t\t\t\t<div class=\"elementor-element elementor-element-9df8623 elementor-widget elementor-widget-shortcode\" data-id=\"9df8623\" data-element_type=\"widget\" data-widget_type=\"shortcode.default\">\n\t\t\t\t<div class=\"elementor-widget-container\">\n\t\t\t\t\t<div class=\"elementor-shortcode\">    <div class=\"taxi-reservation-container\">\n        <h2>Make your reservation<\/h2>\n        <form id=\"taxi-reservation-form\" autocomplete=\"off\" action=\"\">\n            <!-- Datos del cliente -->\n            <div class=\"row\">\n                <div class=\"col half\">\n                    <div class=\"form-group\">\n                        <label for=\"customer_name\">Name:<\/label>\n                        <input type=\"text\" id=\"customer_name\" name=\"customer_name\" placeholder=\"Your name\" required>\n                    <\/div>\n                <\/div>\n                <div class=\"col half\">\n                    <div class=\"form-group\">\n                        <label for=\"customer_email\">Email:<\/label>\n                        <input type=\"email\" id=\"customer_email\" name=\"customer_email\" placeholder=\"Your email\" required>\n                    <\/div>\n                <\/div>\n            <\/div>\n            <div class=\"row\">\n                <div class=\"col half\">\n                    <div class=\"form-group\">\n                        <label for=\"customer_phone\">Phone:<\/label>\n                        <input type=\"tel\" id=\"customer_phone\" name=\"customer_phone\" placeholder=\"Your phone\" required>\n                    <\/div>\n                <\/div>\n                <div class=\"col half\">\n                    <div class=\"form-group\">\n                        <label for=\"reservation_datetime\">Date and Time:<\/label>\n                        <input type=\"datetime-local\" id=\"reservation_datetime\" name=\"reservation_datetime\" required>\n                    <\/div>\n                <\/div>\n            <\/div>\n            <!-- Direcciones -->\n            <div class=\"row\">\n                <div class=\"col half\">\n                    <div class=\"form-group\">\n                        <label for=\"origin\">Origin:<\/label>\n                        <input type=\"text\" id=\"origin\" name=\"origin\" placeholder=\"Enter the origin address\" required>\n                    <\/div>\n                <\/div>\n                <div class=\"col half\">\n                    <div class=\"form-group\">\n                        <label for=\"destination\">Destination:<\/label>\n                        <input type=\"text\" id=\"destination\" name=\"destination\" placeholder=\"Enter the destination address\" required>\n                    <\/div>\n                <\/div>\n            <\/div>\n            <!-- Equipaje: Checkbox y campo para el n\u00famero de maletas -->\n            <div class=\"row\">\n                <div class=\"col half\">\n                    <div class=\"form-group\">\n                        <label for=\"has_luggage\">\n                            <input type=\"checkbox\" id=\"has_luggage\" name=\"has_luggage\">\n                            Do you have luggage?\n                        <\/label>\n                    <\/div>\n                <\/div>\n                <div class=\"col half\" id=\"luggage_count_container\" style=\"display: none;\">\n                    <div class=\"form-group\">\n                        <label for=\"luggage_count\">Number of suitcases:<\/label>\n                        <input type=\"number\" id=\"luggage_count\" name=\"luggage_count\" min=\"1\" value=\"1\">\n                    <\/div>\n                <\/div>\n            <\/div>\n            <script>\n                jQuery(document).ready(function($){\n                    $('#has_luggage').on('change', function(){\n                        if($(this).is(':checked')){\n                            $('#luggage_count_container').show();\n                        } else {\n                            $('#luggage_count_container').hide();\n                        }\n                    });\n                });\n            <\/script>\n            <button type=\"submit\" class=\"btn btn-primary\">Calculate Price<\/button>\n        <input type=\"hidden\" name=\"trp-form-language\" value=\"en\"\/><\/form>\n        <div id=\"map\" class=\"map-container\"><\/div>\n        <div id=\"route-info\" class=\"route-info\"><\/div>\n    <\/div>\n    \n<\/div>\n\t\t\t\t<\/div>\n\t\t\t\t<\/div>\n\t\t\t\t<\/div>\n\t\t\t\t<\/div>\n\t\t\t\t<\/div>\n\t\t<div class=\"elementor-element elementor-element-b6f3b64 e-con-full e-flex e-con e-parent\" data-id=\"b6f3b64\" data-element_type=\"container\">\n\t\t<div class=\"elementor-element elementor-element-31fcff5 e-con-full e-flex e-con e-child\" data-id=\"31fcff5\" data-element_type=\"container\">\n\t\t\t\t<div class=\"elementor-element elementor-element-fbb482f elementor-widget elementor-widget-theme-site-logo elementor-widget-image\" data-id=\"fbb482f\" data-element_type=\"widget\" data-widget_type=\"theme-site-logo.default\">\n\t\t\t\t<div class=\"elementor-widget-container\">\n\t\t\t\t\t\t\t\t\t\t\t\t\t\t<a href=\"https:\/\/www.luistaximalaga.com\/en\">\n\t\t\t\t\t\t\t<img decoding=\"async\" width=\"300\" height=\"100\" src=\"https:\/\/www.luistaximalaga.com\/wp-content\/uploads\/2024\/12\/logoluis.png\" class=\"attachment-full size-full wp-image-49\" alt=\"\" srcset=\"https:\/\/www.luistaximalaga.com\/wp-content\/uploads\/2024\/12\/logoluis.png 300w, https:\/\/www.luistaximalaga.com\/wp-content\/uploads\/2024\/12\/logoluis-18x6.png 18w\" sizes=\"(max-width: 300px) 100vw, 300px\" \/>\t\t\t\t\t\t\t\t<\/a>\n\t\t\t\t\t\t\t\t\t\t\t\t\t<\/div>\n\t\t\t\t<\/div>\n\t\t\t\t<\/div>\n\t\t<div class=\"elementor-element elementor-element-b223cef e-con-full e-flex e-con e-child\" data-id=\"b223cef\" data-element_type=\"container\">\n\t\t\t\t<div class=\"elementor-element elementor-element-16f574b elementor-widget elementor-widget-image\" data-id=\"16f574b\" data-element_type=\"widget\" data-widget_type=\"image.default\">\n\t\t\t\t<div class=\"elementor-widget-container\">\n\t\t\t\t\t\t\t\t\t\t\t\t\t<img fetchpriority=\"high\" decoding=\"async\" width=\"800\" height=\"74\" src=\"https:\/\/www.luistaximalaga.com\/wp-content\/uploads\/2024\/12\/logokit-1024x95.png\" class=\"attachment-large size-large wp-image-50\" alt=\"\" srcset=\"https:\/\/www.luistaximalaga.com\/wp-content\/uploads\/2024\/12\/logokit-1024x95.png 1024w, https:\/\/www.luistaximalaga.com\/wp-content\/uploads\/2024\/12\/logokit-300x28.png 300w, https:\/\/www.luistaximalaga.com\/wp-content\/uploads\/2024\/12\/logokit-768x72.png 768w, https:\/\/www.luistaximalaga.com\/wp-content\/uploads\/2024\/12\/logokit-1536x143.png 1536w, https:\/\/www.luistaximalaga.com\/wp-content\/uploads\/2024\/12\/logokit-2048x191.png 2048w, https:\/\/www.luistaximalaga.com\/wp-content\/uploads\/2024\/12\/logokit-18x2.png 18w\" sizes=\"(max-width: 800px) 100vw, 800px\" \/>\t\t\t\t\t\t\t\t\t\t\t\t\t<\/div>\n\t\t\t\t<\/div>\n\t\t\t\t<\/div>\n\t\t<div class=\"elementor-element elementor-element-eeffc49 e-con-full e-flex e-con e-child\" data-id=\"eeffc49\" data-element_type=\"container\">\n\t\t\t\t<div class=\"elementor-element elementor-element-40f3017 elementor-nav-menu--dropdown-tablet elementor-nav-menu__text-align-aside elementor-nav-menu--toggle elementor-nav-menu--burger elementor-widget elementor-widget-nav-menu\" data-id=\"40f3017\" data-element_type=\"widget\" data-settings=\"{&quot;layout&quot;:&quot;horizontal&quot;,&quot;submenu_icon&quot;:{&quot;value&quot;:&quot;&lt;svg class=\\&quot;e-font-icon-svg e-fas-caret-down\\&quot; viewBox=\\&quot;0 0 320 512\\&quot; xmlns=\\&quot;http:\\\/\\\/www.w3.org\\\/2000\\\/svg\\&quot;&gt;&lt;path d=\\&quot;M31.3 192h257.3c17.8 0 26.7 21.5 14.1 34.1L174.1 354.8c-7.8 7.8-20.5 7.8-28.3 0L17.2 226.1C4.6 213.5 13.5 192 31.3 192z\\&quot;&gt;&lt;\\\/path&gt;&lt;\\\/svg&gt;&quot;,&quot;library&quot;:&quot;fa-solid&quot;},&quot;toggle&quot;:&quot;burger&quot;}\" data-widget_type=\"nav-menu.default\">\n\t\t\t\t<div class=\"elementor-widget-container\">\n\t\t\t\t\t\t<nav migration_allowed=\"1\" migrated=\"0\" class=\"elementor-nav-menu--main elementor-nav-menu__container elementor-nav-menu--layout-horizontal e--pointer-underline e--animation-fade\">\n\t\t\t\t<ul id=\"menu-1-40f3017\" class=\"elementor-nav-menu\"><li class=\"menu-item menu-item-type-post_type menu-item-object-page menu-item-home menu-item-84\"><a href=\"https:\/\/www.luistaximalaga.com\/en\/\" class=\"elementor-item\">Home<\/a><\/li>\n<li class=\"menu-item menu-item-type-post_type menu-item-object-page menu-item-128\"><a href=\"https:\/\/www.luistaximalaga.com\/en\/sobre-mi\/\" class=\"elementor-item\">About me<\/a><\/li>\n<li class=\"menu-item menu-item-type-post_type menu-item-object-page menu-item-129\"><a href=\"https:\/\/www.luistaximalaga.com\/en\/contacto\/\" class=\"elementor-item\">Contact<\/a><\/li>\n<\/ul>\t\t\t<\/nav>\n\t\t\t\t\t<div class=\"elementor-menu-toggle\" role=\"button\" tabindex=\"0\" aria-label=\"Menu Toggle\" aria-expanded=\"false\">\n\t\t\t<svg aria-hidden=\"true\" role=\"presentation\" class=\"elementor-menu-toggle__icon--open e-font-icon-svg e-eicon-menu-bar\" viewbox=\"0 0 1000 1000\" xmlns=\"http:\/\/www.w3.org\/2000\/svg\"><path d=\"M104 333H896C929 333 958 304 958 271S929 208 896 208H104C71 208 42 237 42 271S71 333 104 333ZM104 583H896C929 583 958 554 958 521S929 458 896 458H104C71 458 42 487 42 521S71 583 104 583ZM104 833H896C929 833 958 804 958 771S929 708 896 708H104C71 708 42 737 42 771S71 833 104 833Z\"><\/path><\/svg><svg aria-hidden=\"true\" role=\"presentation\" class=\"elementor-menu-toggle__icon--close e-font-icon-svg e-eicon-close\" viewbox=\"0 0 1000 1000\" xmlns=\"http:\/\/www.w3.org\/2000\/svg\"><path d=\"M742 167L500 408 258 167C246 154 233 150 217 150 196 150 179 158 167 167 154 179 150 196 150 212 150 229 154 242 171 254L408 500 167 742C138 771 138 800 167 829 196 858 225 858 254 829L496 587 738 829C750 842 767 846 783 846 800 846 817 842 829 829 842 817 846 804 846 783 846 767 842 750 829 737L588 500 833 258C863 229 863 200 833 171 804 137 775 137 742 167Z\"><\/path><\/svg>\t\t\t<span class=\"elementor-screen-only\">Menu<\/span>\n\t\t<\/div>\n\t\t\t<nav class=\"elementor-nav-menu--dropdown elementor-nav-menu__container\" aria-hidden=\"true\">\n\t\t\t\t<ul id=\"menu-2-40f3017\" class=\"elementor-nav-menu\"><li class=\"menu-item menu-item-type-post_type menu-item-object-page menu-item-home menu-item-84\"><a href=\"https:\/\/www.luistaximalaga.com\/en\/\" class=\"elementor-item\" tabindex=\"-1\">Home<\/a><\/li>\n<li class=\"menu-item menu-item-type-post_type menu-item-object-page menu-item-128\"><a href=\"https:\/\/www.luistaximalaga.com\/en\/sobre-mi\/\" class=\"elementor-item\" tabindex=\"-1\">About me<\/a><\/li>\n<li class=\"menu-item menu-item-type-post_type menu-item-object-page menu-item-129\"><a href=\"https:\/\/www.luistaximalaga.com\/en\/contacto\/\" class=\"elementor-item\" tabindex=\"-1\">Contact<\/a><\/li>\n<\/ul>\t\t\t<\/nav>\n\t\t\t\t<\/div>\n\t\t\t\t<\/div>\n\t\t\t\t<\/div>\n\t\t\t\t<\/div>\n\t\t\t\t<\/div>","protected":false},"excerpt":{"rendered":"<p>Luis Tafur Tu taxista de confianza en M\u00e1laga Tu servicio de taxi de confianza en M\u00e1lagaBienvenido a mi p\u00e1gina web, donde te ofrezco un servicio de taxi profesional, puntual y seguro en la maravillosa ciudad de M\u00e1laga. Con a\u00f1os de experiencia en el sector, estoy comprometido a garantizar que tu experiencia de transporte sea c\u00f3moda [&hellip;]<\/p>","protected":false},"author":1,"featured_media":16,"parent":0,"menu_order":0,"comment_status":"closed","ping_status":"closed","template":"","meta":{"footnotes":""},"class_list":["post-8","page","type-page","status-publish","has-post-thumbnail","hentry"],"yoast_head":"<!-- This site is optimized with the Yoast SEO plugin v24.0 - https:\/\/yoast.com\/wordpress\/plugins\/seo\/ -->\n<title>Luis Tafur - Taxista en M\u00e1laga<\/title>\n<meta name=\"description\" content=\"Bienvenidos a la web de Luis Tafur, taxista reconocido en la ciudad de M\u00e1laga. Entra y solicita tu transporte.\" \/>\n<meta name=\"robots\" content=\"index, follow, max-snippet:-1, max-image-preview:large, max-video-preview:-1\" \/>\n<link rel=\"canonical\" href=\"https:\/\/www.luistaximalaga.com\/en\/\" \/>\n<meta property=\"og:locale\" content=\"en_GB\" \/>\n<meta property=\"og:type\" content=\"article\" \/>\n<meta property=\"og:title\" content=\"Luis Tafur - Taxista en M\u00e1laga\" \/>\n<meta property=\"og:description\" content=\"Bienvenidos a la web de Luis Tafur, taxista reconocido en la ciudad de M\u00e1laga. Entra y solicita tu transporte.\" \/>\n<meta property=\"og:url\" content=\"https:\/\/www.luistaximalaga.com\/en\/\" \/>\n<meta property=\"og:site_name\" content=\"Luis Tafur\" \/>\n<meta property=\"article:modified_time\" content=\"2025-06-20T10:47:47+00:00\" \/>\n<meta property=\"og:image\" content=\"https:\/\/www.luistaximalaga.com\/wp-content\/uploads\/2024\/12\/paisaje-urbano-japon-al-atardecer_23-2148889539.jpg\" \/>\n\t<meta property=\"og:image:width\" content=\"2000\" \/>\n\t<meta property=\"og:image:height\" content=\"1543\" \/>\n\t<meta property=\"og:image:type\" content=\"image\/jpeg\" \/>\n<meta name=\"twitter:card\" content=\"summary_large_image\" \/>\n<meta name=\"twitter:label1\" content=\"Estimated reading time\" \/>\n\t<meta name=\"twitter:data1\" content=\"2 minutes\" \/>\n<script type=\"application\/ld+json\" class=\"yoast-schema-graph\">{\"@context\":\"https:\/\/schema.org\",\"@graph\":[{\"@type\":\"WebPage\",\"@id\":\"https:\/\/www.luistaximalaga.com\/\",\"url\":\"https:\/\/www.luistaximalaga.com\/\",\"name\":\"Luis Tafur - Taxista en M\u00e1laga\",\"isPartOf\":{\"@id\":\"https:\/\/www.luistaximalaga.com\/#website\"},\"primaryImageOfPage\":{\"@id\":\"https:\/\/www.luistaximalaga.com\/#primaryimage\"},\"image\":{\"@id\":\"https:\/\/www.luistaximalaga.com\/#primaryimage\"},\"thumbnailUrl\":\"https:\/\/www.luistaximalaga.com\/wp-content\/uploads\/2024\/12\/paisaje-urbano-japon-al-atardecer_23-2148889539.jpg\",\"datePublished\":\"2024-12-05T12:48:55+00:00\",\"dateModified\":\"2025-06-20T10:47:47+00:00\",\"description\":\"Bienvenidos a la web de Luis Tafur, taxista reconocido en la ciudad de M\u00e1laga. Entra y solicita tu transporte.\",\"breadcrumb\":{\"@id\":\"https:\/\/www.luistaximalaga.com\/#breadcrumb\"},\"inLanguage\":\"en-GB\",\"potentialAction\":[{\"@type\":\"ReadAction\",\"target\":[\"https:\/\/www.luistaximalaga.com\/\"]}]},{\"@type\":\"ImageObject\",\"inLanguage\":\"en-GB\",\"@id\":\"https:\/\/www.luistaximalaga.com\/#primaryimage\",\"url\":\"https:\/\/www.luistaximalaga.com\/wp-content\/uploads\/2024\/12\/paisaje-urbano-japon-al-atardecer_23-2148889539.jpg\",\"contentUrl\":\"https:\/\/www.luistaximalaga.com\/wp-content\/uploads\/2024\/12\/paisaje-urbano-japon-al-atardecer_23-2148889539.jpg\",\"width\":2000,\"height\":1543},{\"@type\":\"BreadcrumbList\",\"@id\":\"https:\/\/www.luistaximalaga.com\/#breadcrumb\",\"itemListElement\":[{\"@type\":\"ListItem\",\"position\":1,\"name\":\"Portada\",\"item\":\"https:\/\/www.luistaximalaga.com\/\"},{\"@type\":\"ListItem\",\"position\":2,\"name\":\"Inicio\"}]},{\"@type\":\"WebSite\",\"@id\":\"https:\/\/www.luistaximalaga.com\/#website\",\"url\":\"https:\/\/www.luistaximalaga.com\/\",\"name\":\"Luis Tafur\",\"description\":\"Taxista en M\u00e1laga\",\"publisher\":{\"@id\":\"https:\/\/www.luistaximalaga.com\/#organization\"},\"potentialAction\":[{\"@type\":\"SearchAction\",\"target\":{\"@type\":\"EntryPoint\",\"urlTemplate\":\"https:\/\/www.luistaximalaga.com\/?s={search_term_string}\"},\"query-input\":{\"@type\":\"PropertyValueSpecification\",\"valueRequired\":true,\"valueName\":\"search_term_string\"}}],\"inLanguage\":\"en-GB\"},{\"@type\":\"Organization\",\"@id\":\"https:\/\/www.luistaximalaga.com\/#organization\",\"name\":\"Luis Tafur\",\"url\":\"https:\/\/www.luistaximalaga.com\/\",\"logo\":{\"@type\":\"ImageObject\",\"inLanguage\":\"en-GB\",\"@id\":\"https:\/\/www.luistaximalaga.com\/#\/schema\/logo\/image\/\",\"url\":\"https:\/\/www.luistaximalaga.com\/wp-content\/uploads\/2024\/12\/logoluis.png\",\"contentUrl\":\"https:\/\/www.luistaximalaga.com\/wp-content\/uploads\/2024\/12\/logoluis.png\",\"width\":300,\"height\":100,\"caption\":\"Luis Tafur\"},\"image\":{\"@id\":\"https:\/\/www.luistaximalaga.com\/#\/schema\/logo\/image\/\"}}]}<\/script>\n<!-- \/ Yoast SEO plugin. -->","yoast_head_json":{"title":"Luis Tafur - Taxista en M\u00e1laga","description":"Bienvenidos a la web de Luis Tafur, taxista reconocido en la ciudad de M\u00e1laga. Entra y solicita tu transporte.","robots":{"index":"index","follow":"follow","max-snippet":"max-snippet:-1","max-image-preview":"max-image-preview:large","max-video-preview":"max-video-preview:-1"},"canonical":"https:\/\/www.luistaximalaga.com\/en\/","og_locale":"en_GB","og_type":"article","og_title":"Luis Tafur - Taxista en M\u00e1laga","og_description":"Bienvenidos a la web de Luis Tafur, taxista reconocido en la ciudad de M\u00e1laga. Entra y solicita tu transporte.","og_url":"https:\/\/www.luistaximalaga.com\/en\/","og_site_name":"Luis Tafur","article_modified_time":"2025-06-20T10:47:47+00:00","og_image":[{"width":2000,"height":1543,"url":"https:\/\/www.luistaximalaga.com\/wp-content\/uploads\/2024\/12\/paisaje-urbano-japon-al-atardecer_23-2148889539.jpg","type":"image\/jpeg"}],"twitter_card":"summary_large_image","twitter_misc":{"Estimated reading time":"2 minutes"},"schema":{"@context":"https:\/\/schema.org","@graph":[{"@type":"WebPage","@id":"https:\/\/www.luistaximalaga.com\/","url":"https:\/\/www.luistaximalaga.com\/","name":"Luis Tafur - Taxista en M\u00e1laga","isPartOf":{"@id":"https:\/\/www.luistaximalaga.com\/#website"},"primaryImageOfPage":{"@id":"https:\/\/www.luistaximalaga.com\/#primaryimage"},"image":{"@id":"https:\/\/www.luistaximalaga.com\/#primaryimage"},"thumbnailUrl":"https:\/\/www.luistaximalaga.com\/wp-content\/uploads\/2024\/12\/paisaje-urbano-japon-al-atardecer_23-2148889539.jpg","datePublished":"2024-12-05T12:48:55+00:00","dateModified":"2025-06-20T10:47:47+00:00","description":"Bienvenidos a la web de Luis Tafur, taxista reconocido en la ciudad de M\u00e1laga. Entra y solicita tu transporte.","breadcrumb":{"@id":"https:\/\/www.luistaximalaga.com\/#breadcrumb"},"inLanguage":"en-GB","potentialAction":[{"@type":"ReadAction","target":["https:\/\/www.luistaximalaga.com\/"]}]},{"@type":"ImageObject","inLanguage":"en-GB","@id":"https:\/\/www.luistaximalaga.com\/#primaryimage","url":"https:\/\/www.luistaximalaga.com\/wp-content\/uploads\/2024\/12\/paisaje-urbano-japon-al-atardecer_23-2148889539.jpg","contentUrl":"https:\/\/www.luistaximalaga.com\/wp-content\/uploads\/2024\/12\/paisaje-urbano-japon-al-atardecer_23-2148889539.jpg","width":2000,"height":1543},{"@type":"BreadcrumbList","@id":"https:\/\/www.luistaximalaga.com\/#breadcrumb","itemListElement":[{"@type":"ListItem","position":1,"name":"Portada","item":"https:\/\/www.luistaximalaga.com\/"},{"@type":"ListItem","position":2,"name":"Inicio"}]},{"@type":"WebSite","@id":"https:\/\/www.luistaximalaga.com\/#website","url":"https:\/\/www.luistaximalaga.com\/","name":"Luis Tafur","description":"Taxista en M\u00e1laga","publisher":{"@id":"https:\/\/www.luistaximalaga.com\/#organization"},"potentialAction":[{"@type":"SearchAction","target":{"@type":"EntryPoint","urlTemplate":"https:\/\/www.luistaximalaga.com\/?s={search_term_string}"},"query-input":{"@type":"PropertyValueSpecification","valueRequired":true,"valueName":"search_term_string"}}],"inLanguage":"en-GB"},{"@type":"Organization","@id":"https:\/\/www.luistaximalaga.com\/#organization","name":"Luis Tafur","url":"https:\/\/www.luistaximalaga.com\/","logo":{"@type":"ImageObject","inLanguage":"en-GB","@id":"https:\/\/www.luistaximalaga.com\/#\/schema\/logo\/image\/","url":"https:\/\/www.luistaximalaga.com\/wp-content\/uploads\/2024\/12\/logoluis.png","contentUrl":"https:\/\/www.luistaximalaga.com\/wp-content\/uploads\/2024\/12\/logoluis.png","width":300,"height":100,"caption":"Luis Tafur"},"image":{"@id":"https:\/\/www.luistaximalaga.com\/#\/schema\/logo\/image\/"}}]}},"_links":{"self":[{"href":"https:\/\/www.luistaximalaga.com\/en\/wp-json\/wp\/v2\/pages\/8","targetHints":{"allow":["GET"]}}],"collection":[{"href":"https:\/\/www.luistaximalaga.com\/en\/wp-json\/wp\/v2\/pages"}],"about":[{"href":"https:\/\/www.luistaximalaga.com\/en\/wp-json\/wp\/v2\/types\/page"}],"author":[{"embeddable":true,"href":"https:\/\/www.luistaximalaga.com\/en\/wp-json\/wp\/v2\/users\/1"}],"replies":[{"embeddable":true,"href":"https:\/\/www.luistaximalaga.com\/en\/wp-json\/wp\/v2\/comments?post=8"}],"version-history":[{"count":97,"href":"https:\/\/www.luistaximalaga.com\/en\/wp-json\/wp\/v2\/pages\/8\/revisions"}],"predecessor-version":[{"id":339,"href":"https:\/\/www.luistaximalaga.com\/en\/wp-json\/wp\/v2\/pages\/8\/revisions\/339"}],"wp:featuredmedia":[{"embeddable":true,"href":"https:\/\/www.luistaximalaga.com\/en\/wp-json\/wp\/v2\/media\/16"}],"wp:attachment":[{"href":"https:\/\/www.luistaximalaga.com\/en\/wp-json\/wp\/v2\/media?parent=8"}],"curies":[{"name":"wp","href":"https:\/\/api.w.org\/{rel}","templated":true}]}}